{"id":7469,"date":"2022-05-25T19:17:33","date_gmt":"2022-05-25T17:17:33","guid":{"rendered":"https:\/\/www.hotelnicebeaurivage.com\/?page_id=7469"},"modified":"2024-05-30T14:28:36","modified_gmt":"2024-05-30T12:28:36","slug":"our-story-2","status":"publish","type":"page","link":"https:\/\/www.hotelnicebeaurivage.com\/en\/notre-histoire-2\/","title":{"rendered":"Our Story"},"content":{"rendered":"\t\t<div data-elementor-type=\"wp-page\" data-elementor-id=\"7469\" class=\"elementor elementor-7469\" data-elementor-post-type=\"page\">\n\t\t\t\t\t\t<section class=\"elementor-section elementor-top-section elementor-element elementor-element-43624f0 elementor-section-height-min-height elementor-hidden-phone elementor-section-boxed elementor-section-height-default elementor-section-items-middle\" data-id=\"43624f0\" data-element_type=\"section\" data-e-type=\"section\" data-settings=\"{&quot;background_background&quot;:&quot;classic&quot;,&quot;background_motion_fx_motion_fx_scrolling&quot;:&quot;yes&quot;,&quot;background_motion_fx_translateY_effect&quot;:&quot;yes&quot;,&quot;background_motion_fx_translateY_speed&quot;:{&quot;unit&quot;:&quot;px&quot;,&quot;size&quot;:5.2,&quot;sizes&quot;:[]},&quot;background_motion_fx_translateY_affectedRange&quot;:{&quot;unit&quot;:&quot;%&quot;,&quot;size&quot;:&quot;&quot;,&quot;sizes&quot;:{&quot;start&quot;:14,&quot;end&quot;:100}},&quot;background_motion_fx_devices&quot;:[&quot;desktop&quot;,&quot;tablet&quot;],&quot;background_motion_fx_range&quot;:&quot;page&quot;}\">\n\t\t\t\t\t\t<div class=\"elementor-container elementor-column-gap-default\">\n\t\t\t\t\t<div class=\"elementor-column elementor-col-100 elementor-top-column elementor-element elementor-element-023dfa9\" data-id=\"023dfa9\" data-element_type=\"column\" data-e-type=\"column\">\n\t\t\t<div class=\"elementor-widget-wrap\">\n\t\t\t\t\t\t\t<\/div>\n\t\t<\/div>\n\t\t\t\t\t<\/div>\n\t\t<\/section>\n\t\t\t\t<section class=\"elementor-section elementor-top-section elementor-element elementor-element-8a73bfe elementor-section-boxed elementor-section-height-default elementor-section-height-default\" data-id=\"8a73bfe\" data-element_type=\"section\" data-e-type=\"section\">\n\t\t\t\t\t\t<div class=\"elementor-container elementor-column-gap-default\">\n\t\t\t\t\t<div class=\"elementor-column elementor-col-100 elementor-top-column elementor-element elementor-element-180955f\" data-id=\"180955f\" data-element_type=\"column\" data-e-type=\"column\">\n\t\t\t<div class=\"elementor-widget-wrap elementor-element-populated\">\n\t\t\t\t\t\t<section class=\"elementor-section elementor-inner-section elementor-element elementor-element-dc23609 elementor-reverse-mobile elementor-section-boxed elementor-section-height-default elementor-section-height-default\" data-id=\"dc23609\" data-element_type=\"section\" data-e-type=\"section\">\n\t\t\t\t\t\t<div class=\"elementor-container elementor-column-gap-default\">\n\t\t\t\t\t<div class=\"elementor-column elementor-col-50 elementor-inner-column elementor-element elementor-element-ac6e80d\" data-id=\"ac6e80d\" data-element_type=\"column\" data-e-type=\"column\">\n\t\t\t<div class=\"elementor-widget-wrap elementor-element-populated\">\n\t\t\t\t\t\t<div class=\"elementor-element elementor-element-e928d83 elementor-widget-divider--view-line elementor-widget elementor-widget-divider\" data-id=\"e928d83\" data-element_type=\"widget\" data-e-type=\"widget\" data-widget_type=\"divider.default\">\n\t\t\t\t<div class=\"elementor-widget-container\">\n\t\t\t\t\t\t\t<div class=\"elementor-divider\">\n\t\t\t<span class=\"elementor-divider-separator\">\n\t\t\t\t\t\t<\/span>\n\t\t<\/div>\n\t\t\t\t\t\t<\/div>\n\t\t\t\t<\/div>\n\t\t\t\t<div class=\"elementor-element elementor-element-da579f3 elementor-widget elementor-widget-heading\" data-id=\"da579f3\" data-element_type=\"widget\" data-e-type=\"widget\" data-widget_type=\"heading.default\">\n\t\t\t\t<div class=\"elementor-widget-container\">\n\t\t\t\t\t<h1 class=\"elementor-heading-title elementor-size-default\">Notre Histoire<\/h1>\t\t\t\t<\/div>\n\t\t\t\t<\/div>\n\t\t\t\t<div class=\"elementor-element elementor-element-f33c518 elementor-widget elementor-widget-text-editor\" data-id=\"f33c518\" data-element_type=\"widget\" data-e-type=\"widget\" data-widget_type=\"text-editor.default\">\n\t\t\t\t<div class=\"elementor-widget-container\">\n\t\t\t\t\t\t\t\t\t<div data-id=\"53d0be5\" data-element_type=\"widget\" data-widget_type=\"text-editor.default\"><span style=\"font-family: Calibri, sans-serif; font-size: 11pt; color: var( --e-global-color-text );\">Situ\u00e9 en bordure de la Promenade des Anglais, tout pr\u00e8s du Vieux Nice, l\u2019h\u00f4tel Beau-Rivage ouvre ses portes \u00e0 la fin du XIX\u00b0 si\u00e8cle. <\/span><span style=\"font-family: Calibri, sans-serif; font-size: 11pt; color: var( --e-global-color-text );\">\u00a0C&rsquo;est sous l&rsquo;impulsion de Victoire Schmitz que le Beau Rivage est lanc\u00e9 en 1860.\u00a0<\/span><\/div><div data-id=\"53d0be5\" data-element_type=\"widget\" data-widget_type=\"text-editor.default\"><span style=\"font-family: Calibri, sans-serif; font-size: 11pt; color: var( --e-global-color-text );\">\u00a0<\/span><\/div><div data-id=\"53d0be5\" data-element_type=\"widget\" data-widget_type=\"text-editor.default\"><p><span style=\"font-family: Calibri, sans-serif; font-size: 11pt; color: var( --e-global-color-text );\">D\u00e9j\u00e0 propri\u00e9taire dans la capitale Azur\u00e9enne, le veuve Schmitz comme on l&rsquo;appelait, d\u00e9cida d&rsquo;\u00e9tendre son parc h\u00f4telier sur le Quai du Midi (Quai des Etats-Unis de nos jours). Consciente du fort potentiel de la vue mer pour se diff\u00e9rencier de ses concurrents, elle oriente l&rsquo;entr\u00e9e de l&rsquo;h\u00f4tel sur cet axe et offre ainsi \u00e0 ses h\u00f4tes une vue imprenable sur la grande bleue. L&rsquo;h\u00f4tel Beau Rivage<\/span><span style=\"font-family: Calibri, sans-serif; font-size: 14.6667px;\">\u00a0attire tout ce que l\u2019Europe compte de c\u00e9l\u00e9brit\u00e9s. On y vient en hiver, quand la saison touristique bat son plein.<\/span><\/p><\/div>\t\t\t\t\t\t\t\t<\/div>\n\t\t\t\t<\/div>\n\t\t\t\t\t<\/div>\n\t\t<\/div>\n\t\t\t\t<div class=\"elementor-column elementor-col-50 elementor-inner-column elementor-element elementor-element-9e7422b\" data-id=\"9e7422b\" data-element_type=\"column\" data-e-type=\"column\">\n\t\t\t<div class=\"elementor-widget-wrap elementor-element-populated\">\n\t\t\t\t\t\t<div class=\"elementor-element elementor-element-59bc583 elementor-widget elementor-widget-image\" data-id=\"59bc583\" data-element_type=\"widget\" data-e-type=\"widget\" data-widget_type=\"image.default\">\n\t\t\t\t<div class=\"elementor-widget-container\">\n\t\t\t\t\t\t\t\t\t\t\t\t\t\t\t<img decoding=\"async\" src=\"https:\/\/www.hotelnicebeaurivage.com\/wp-content\/uploads\/elementor\/thumbs\/Beau-Rivage-Vintage-Quai-des-Etats-Unis-pzg4yybzjwlg1w3e2zs3z37uy59nx4x1om3sr9cq48.jpg\" title=\"Affichage des images d&rsquo;une cote\" alt=\"Affichage des images d&#039;une cote\" loading=\"lazy\" \/>\t\t\t\t\t\t\t\t\t\t\t\t\t\t\t<\/div>\n\t\t\t\t<\/div>\n\t\t\t\t\t<\/div>\n\t\t<\/div>\n\t\t\t\t\t<\/div>\n\t\t<\/section>\n\t\t\t\t\t<\/div>\n\t\t<\/div>\n\t\t\t\t\t<\/div>\n\t\t<\/section>\n\t\t\t\t<section class=\"elementor-section elementor-top-section elementor-element elementor-element-8eda383 elementor-section-boxed elementor-section-height-default elementor-section-height-default\" data-id=\"8eda383\" data-element_type=\"section\" data-e-type=\"section\">\n\t\t\t\t\t\t<div class=\"elementor-container elementor-column-gap-default\">\n\t\t\t\t\t<div class=\"elementor-column elementor-col-100 elementor-top-column elementor-element elementor-element-6904e5e\" data-id=\"6904e5e\" data-element_type=\"column\" data-e-type=\"column\">\n\t\t\t<div class=\"elementor-widget-wrap elementor-element-populated\">\n\t\t\t\t\t\t<section class=\"elementor-section elementor-inner-section elementor-element elementor-element-340546d elementor-section-boxed elementor-section-height-default elementor-section-height-default\" data-id=\"340546d\" data-element_type=\"section\" data-e-type=\"section\">\n\t\t\t\t\t\t<div class=\"elementor-container elementor-column-gap-default\">\n\t\t\t\t\t<div class=\"elementor-column elementor-col-50 elementor-inner-column elementor-element elementor-element-402551c\" data-id=\"402551c\" data-element_type=\"column\" data-e-type=\"column\">\n\t\t\t<div class=\"elementor-widget-wrap elementor-element-populated\">\n\t\t\t\t\t\t<div class=\"elementor-element elementor-element-5ee74d7 elementor-widget elementor-widget-image\" data-id=\"5ee74d7\" data-element_type=\"widget\" data-e-type=\"widget\" data-widget_type=\"image.default\">\n\t\t\t\t<div class=\"elementor-widget-container\">\n\t\t\t\t\t\t\t\t\t\t\t\t\t\t\t<img decoding=\"async\" src=\"https:\/\/www.hotelnicebeaurivage.com\/wp-content\/uploads\/elementor\/thumbs\/Matisse-Ma-chambre-au-Beau-Rivage-pzg4yz9r8u6ae4tt0871wow7xodsezqq7u24mum63o.jpg\" title=\"Matisse &#8211; Ma chambre au Beau-Rivage\" alt=\"Matisse - Ma chambre au Beau-Rivage\" loading=\"lazy\" \/>\t\t\t\t\t\t\t\t\t\t\t\t\t\t\t<\/div>\n\t\t\t\t<\/div>\n\t\t\t\t\t<\/div>\n\t\t<\/div>\n\t\t\t\t<div class=\"elementor-column elementor-col-50 elementor-inner-column elementor-element elementor-element-bddcfd9\" data-id=\"bddcfd9\" data-element_type=\"column\" data-e-type=\"column\">\n\t\t\t<div class=\"elementor-widget-wrap elementor-element-populated\">\n\t\t\t\t\t\t<div class=\"elementor-element elementor-element-c9ae6f5 elementor-widget-divider--view-line elementor-widget elementor-widget-divider\" data-id=\"c9ae6f5\" data-element_type=\"widget\" data-e-type=\"widget\" data-widget_type=\"divider.default\">\n\t\t\t\t<div class=\"elementor-widget-container\">\n\t\t\t\t\t\t\t<div class=\"elementor-divider\">\n\t\t\t<span class=\"elementor-divider-separator\">\n\t\t\t\t\t\t<\/span>\n\t\t<\/div>\n\t\t\t\t\t\t<\/div>\n\t\t\t\t<\/div>\n\t\t\t\t<div class=\"elementor-element elementor-element-77a9d30 elementor-widget elementor-widget-heading\" data-id=\"77a9d30\" data-element_type=\"widget\" data-e-type=\"widget\" data-widget_type=\"heading.default\">\n\t\t\t\t<div class=\"elementor-widget-container\">\n\t\t\t\t\t<h2 class=\"elementor-heading-title elementor-size-default\">des illustres visiteurs<\/h2>\t\t\t\t<\/div>\n\t\t\t\t<\/div>\n\t\t\t\t<div class=\"elementor-element elementor-element-4e59dfe elementor-widget elementor-widget-text-editor\" data-id=\"4e59dfe\" data-element_type=\"widget\" data-e-type=\"widget\" data-widget_type=\"text-editor.default\">\n\t\t\t\t<div class=\"elementor-widget-container\">\n\t\t\t\t\t\t\t\t\t<div data-id=\"53d0be5\" data-element_type=\"widget\" data-widget_type=\"text-editor.default\">\n<div>\n<div><p>L&rsquo;h\u00f4tel Beau Rivage vit et \u00e9volu \u00e0 travers les \u00e9poques.<\/p>\n<p>De tout temps, il a \u00e9t\u00e9 et est le pied \u00e0 terre Ni\u00e7ois de personnalit\u00e9s de renom tels que :&nbsp;<span style=\"font-size: 11pt; text-align: justify; text-indent: 0cm; color: var( --e-global-color-text );\">Th\u00e9r\u00e8se de Lisieux en partance pour Rome, Charles de Freycinet, premier<br>civil ministre de la guerre en 1888 et 1890, Anton Tchekhov en 1891, la reine douairi\u00e8re Marie Pia du Portugal qui y passe plus de trois semaines avec son fils le duc de Porto et leur suite en 1896 et revient y s\u00e9journer en 1900 et en 1902.<\/span><\/p>\n<p style=\"margin-left: 0cm; text-align: justify; text-indent: 0cm; mso-pagination: none; mso-list: l0 level1 lfo1; tab-stops: 11.0pt 36.0pt; mso-layout-grid-align: none; text-autospace: none;\"><span style=\"font-size: 11.0pt; mso-bidi-font-weight: bold;\">Henri Matisse pose ses pinceaux au Beau-Rivage en d\u00e9cembre 1917. Il s\u00e9journe dans la chambre n\u00b089 qui donne sur la \u00ab&nbsp;grande bleue&nbsp;\u00bb et c\u2019est pour lui une source intarissable d\u2019inspiration&nbsp;puisqu\u2019il y peint plusieurs toiles dont <i>Ma chambre au Beau-Rivage<\/i> et <i>Int\u00e9rieur au violon<\/i>. <\/span><\/p>\n<p style=\"margin-left: 0cm; text-align: justify; text-indent: 0cm; mso-pagination: none; mso-list: l0 level1 lfo1; tab-stops: 11.0pt 36.0pt; mso-layout-grid-align: none; text-autospace: none;\"><span style=\"font-size: 11.0pt; mso-bidi-font-weight: bold;\">Apr\u00e8s la premi\u00e8re guerre mondiale, on passe de la Belle Epoque \u00e0 la Folle Epoque, l\u2019h\u00f4tel accueille des auteurs am\u00e9ricains de la g\u00e9n\u00e9ration perdue&nbsp;: Thomas Boyden en janvier 1924, puis Francis Scott Fitzgerald qui y passe deux semaines en 1929.<\/span><\/p>\n<\/div>\n<\/div>\n<\/div>\t\t\t\t\t\t\t\t<\/div>\n\t\t\t\t<\/div>\n\t\t\t\t\t<\/div>\n\t\t<\/div>\n\t\t\t\t\t<\/div>\n\t\t<\/section>\n\t\t\t\t\t<\/div>\n\t\t<\/div>\n\t\t\t\t\t<\/div>\n\t\t<\/section>\n\t\t\t\t<section class=\"elementor-section elementor-top-section elementor-element elementor-element-85625ca elementor-section-boxed elementor-section-height-default elementor-section-height-default\" data-id=\"85625ca\" data-element_type=\"section\" data-e-type=\"section\">\n\t\t\t\t\t\t<div class=\"elementor-container elementor-column-gap-default\">\n\t\t\t\t\t<div class=\"elementor-column elementor-col-100 elementor-top-column elementor-element elementor-element-09820f2\" data-id=\"09820f2\" data-element_type=\"column\" data-e-type=\"column\">\n\t\t\t<div class=\"elementor-widget-wrap elementor-element-populated\">\n\t\t\t\t\t\t<section class=\"elementor-section elementor-inner-section elementor-element elementor-element-6ed253c elementor-reverse-mobile elementor-section-boxed elementor-section-height-default elementor-section-height-default\" data-id=\"6ed253c\" data-element_type=\"section\" data-e-type=\"section\">\n\t\t\t\t\t\t<div class=\"elementor-container elementor-column-gap-default\">\n\t\t\t\t\t<div class=\"elementor-column elementor-col-50 elementor-inner-column elementor-element elementor-element-2275528\" data-id=\"2275528\" data-element_type=\"column\" data-e-type=\"column\">\n\t\t\t<div class=\"elementor-widget-wrap elementor-element-populated\">\n\t\t\t\t\t\t<div class=\"elementor-element elementor-element-ba3633e elementor-widget-divider--view-line elementor-widget elementor-widget-divider\" data-id=\"ba3633e\" data-element_type=\"widget\" data-e-type=\"widget\" data-widget_type=\"divider.default\">\n\t\t\t\t<div class=\"elementor-widget-container\">\n\t\t\t\t\t\t\t<div class=\"elementor-divider\">\n\t\t\t<span class=\"elementor-divider-separator\">\n\t\t\t\t\t\t<\/span>\n\t\t<\/div>\n\t\t\t\t\t\t<\/div>\n\t\t\t\t<\/div>\n\t\t\t\t<div class=\"elementor-element elementor-element-8959182 elementor-widget elementor-widget-heading\" data-id=\"8959182\" data-element_type=\"widget\" data-e-type=\"widget\" data-widget_type=\"heading.default\">\n\t\t\t\t<div class=\"elementor-widget-container\">\n\t\t\t\t\t<h2 class=\"elementor-heading-title elementor-size-default\">Les temps modernes<\/h2>\t\t\t\t<\/div>\n\t\t\t\t<\/div>\n\t\t\t\t<div class=\"elementor-element elementor-element-1e27665 elementor-widget elementor-widget-text-editor\" data-id=\"1e27665\" data-element_type=\"widget\" data-e-type=\"widget\" data-widget_type=\"text-editor.default\">\n\t\t\t\t<div class=\"elementor-widget-container\">\n\t\t\t\t\t\t\t\t\t<div data-id=\"53d0be5\" data-element_type=\"widget\" data-widget_type=\"text-editor.default\"><div><div><p><span style=\"font-size: 11pt; text-align: justify; text-indent: 0cm; color: var( --e-global-color-text );\">Au d\u00e9but des ann\u00e9es 80, l\u2019h\u00f4tel ferme ses portes. Il rouvrira en 1987 s&rsquo;orientant d\u00e9sormais sur les rues du Vieux Nice.<\/span><\/p><p><span style=\"color: var( --e-global-color-text ); font-size: 11pt; text-align: justify; text-indent: 0cm;\">En 2004, il est r\u00e9nov\u00e9 sous la houlette de Jean-Michel Wilmotte qui en dessine \u00e9galement le mobilier.<\/span><\/p><p style=\"margin-left: 0cm; text-align: justify; text-indent: 0cm; mso-pagination: none; mso-list: l0 level1 lfo1; tab-stops: 11.0pt 36.0pt; mso-layout-grid-align: none; text-autospace: none;\"><span style=\"font-size: 11.0pt; mso-bidi-font-weight: bold;\">Une intervention toute en douceur et en subtilit\u00e9 qui conf\u00e8re aux lieux un charme et une sobri\u00e9t\u00e9 propres \u00e0 s\u00e9duire touristes et client\u00e8le d\u2019affaires.\u00a0<\/span><\/p><\/div><\/div><\/div>\t\t\t\t\t\t\t\t<\/div>\n\t\t\t\t<\/div>\n\t\t\t\t\t<\/div>\n\t\t<\/div>\n\t\t\t\t<div class=\"elementor-column elementor-col-50 elementor-inner-column elementor-element elementor-element-b134c84\" data-id=\"b134c84\" data-element_type=\"column\" data-e-type=\"column\">\n\t\t\t<div class=\"elementor-widget-wrap elementor-element-populated\">\n\t\t\t\t\t\t<div class=\"elementor-element elementor-element-42e225d elementor-widget elementor-widget-image\" data-id=\"42e225d\" data-element_type=\"widget\" data-e-type=\"widget\" data-widget_type=\"image.default\">\n\t\t\t\t<div class=\"elementor-widget-container\">\n\t\t\t\t\t\t\t\t\t\t\t\t\t\t\t<img fetchpriority=\"high\" decoding=\"async\" width=\"768\" height=\"512\" src=\"https:\/\/www.hotelnicebeaurivage.com\/wp-content\/uploads\/2022\/05\/FACADE-9mp-web-768x512.jpg\" class=\"attachment-medium_large size-medium_large wp-image-8753\" alt=\"Photo -\" srcset=\"https:\/\/www.hotelnicebeaurivage.com\/wp-content\/uploads\/2022\/05\/FACADE-9mp-web-768x512.jpg 768w, https:\/\/www.hotelnicebeaurivage.com\/wp-content\/uploads\/2022\/05\/FACADE-9mp-web-300x200.jpg 300w, https:\/\/www.hotelnicebeaurivage.com\/wp-content\/uploads\/2022\/05\/FACADE-9mp-web-1024x683.jpg 1024w, https:\/\/www.hotelnicebeaurivage.com\/wp-content\/uploads\/2022\/05\/FACADE-9mp-web-1536x1024.jpg 1536w, https:\/\/www.hotelnicebeaurivage.com\/wp-content\/uploads\/2022\/05\/FACADE-9mp-web-18x12.jpg 18w, https:\/\/www.hotelnicebeaurivage.com\/wp-content\/uploads\/2022\/05\/FACADE-9mp-web.jpg 1920w\" sizes=\"(max-width: 768px) 100vw, 768px\" title=\"Photo -\">\t\t\t\t\t\t\t\t\t\t\t\t\t\t\t<\/div>\n\t\t\t\t<\/div>\n\t\t\t\t\t<\/div>\n\t\t<\/div>\n\t\t\t\t\t<\/div>\n\t\t<\/section>\n\t\t\t\t\t<\/div>\n\t\t<\/div>\n\t\t\t\t\t<\/div>\n\t\t<\/section>\n\t\t\t\t<section class=\"elementor-section elementor-top-section elementor-element elementor-element-24cfc01 elementor-section-boxed elementor-section-height-default elementor-section-height-default\" data-id=\"24cfc01\" data-element_type=\"section\" data-e-type=\"section\">\n\t\t\t\t\t\t<div class=\"elementor-container elementor-column-gap-default\">\n\t\t\t\t\t<div class=\"elementor-column elementor-col-100 elementor-top-column elementor-element elementor-element-8ba78af\" data-id=\"8ba78af\" data-element_type=\"column\" data-e-type=\"column\">\n\t\t\t<div class=\"elementor-widget-wrap elementor-element-populated\">\n\t\t\t\t\t\t<section class=\"elementor-section elementor-inner-section elementor-element elementor-element-d34dfef elementor-section-boxed elementor-section-height-default elementor-section-height-default\" data-id=\"d34dfef\" data-element_type=\"section\" data-e-type=\"section\">\n\t\t\t\t\t\t<div class=\"elementor-container elementor-column-gap-default\">\n\t\t\t\t\t<div class=\"elementor-column elementor-col-50 elementor-inner-column elementor-element elementor-element-904f919\" data-id=\"904f919\" data-element_type=\"column\" data-e-type=\"column\">\n\t\t\t<div class=\"elementor-widget-wrap elementor-element-populated\">\n\t\t\t\t\t\t<div class=\"elementor-element elementor-element-907de5a elementor-widget elementor-widget-image\" data-id=\"907de5a\" data-element_type=\"widget\" data-e-type=\"widget\" data-widget_type=\"image.default\">\n\t\t\t\t<div class=\"elementor-widget-container\">\n\t\t\t\t\t\t\t\t\t\t\t\t\t\t\t<img decoding=\"async\" src=\"https:\/\/www.hotelnicebeaurivage.com\/wp-content\/uploads\/elementor\/thumbs\/Lobby-4mp-web-pzg4yybzjwlg1w3e2zs3z37uy59nx4x1om3sr9cq48.jpg\" title=\"Lobby-4mp-web\" alt=\"R\u00e9ception H\u00f4tel Beau Rivage\" loading=\"lazy\" \/>\t\t\t\t\t\t\t\t\t\t\t\t\t\t\t<\/div>\n\t\t\t\t<\/div>\n\t\t\t\t\t<\/div>\n\t\t<\/div>\n\t\t\t\t<div class=\"elementor-column elementor-col-50 elementor-inner-column elementor-element elementor-element-549268a\" data-id=\"549268a\" data-element_type=\"column\" data-e-type=\"column\">\n\t\t\t<div class=\"elementor-widget-wrap elementor-element-populated\">\n\t\t\t\t\t\t<div class=\"elementor-element elementor-element-b1c88ee elementor-widget-divider--view-line elementor-widget elementor-widget-divider\" data-id=\"b1c88ee\" data-element_type=\"widget\" data-e-type=\"widget\" data-widget_type=\"divider.default\">\n\t\t\t\t<div class=\"elementor-widget-container\">\n\t\t\t\t\t\t\t<div class=\"elementor-divider\">\n\t\t\t<span class=\"elementor-divider-separator\">\n\t\t\t\t\t\t<\/span>\n\t\t<\/div>\n\t\t\t\t\t\t<\/div>\n\t\t\t\t<\/div>\n\t\t\t\t<div class=\"elementor-element elementor-element-be4b88b elementor-widget elementor-widget-heading\" data-id=\"be4b88b\" data-element_type=\"widget\" data-e-type=\"widget\" data-widget_type=\"heading.default\">\n\t\t\t\t<div class=\"elementor-widget-container\">\n\t\t\t\t\t<h2 class=\"elementor-heading-title elementor-size-default\">L'esprit nicois<\/h2>\t\t\t\t<\/div>\n\t\t\t\t<\/div>\n\t\t\t\t<div class=\"elementor-element elementor-element-eb9d61c elementor-widget elementor-widget-text-editor\" data-id=\"eb9d61c\" data-element_type=\"widget\" data-e-type=\"widget\" data-widget_type=\"text-editor.default\">\n\t\t\t\t<div class=\"elementor-widget-container\">\n\t\t\t\t\t\t\t\t\t<div data-id=\"53d0be5\" data-element_type=\"widget\" data-widget_type=\"text-editor.default\">\n<div>\n<div>\n<p><span style=\"color: var( --e-global-color-text ); font-size: 11pt; text-align: justify;\">D\u00e8s l\u2019accueil, une impression de calme et de s\u00e9r\u00e9nit\u00e9 se d\u00e9gage des lieux.&nbsp;<\/span><span style=\"color: var( --e-global-color-text ); font-size: 11pt; text-align: justify;\">Un design contemporain, une ambiance chic et raffin\u00e9e&nbsp;<\/span><span style=\"color: var( --e-global-color-text ); font-size: 11pt; text-align: justify;\">fid\u00e8le \u00e0 l\u2019identit\u00e9 ni\u00e7oise, le tout trait\u00e9 dans l\u2019esprit boutique h\u00f4tel&nbsp;:&nbsp;<\/span><span style=\"color: var( --e-global-color-text ); font-size: 11pt; text-align: justify;\">de confortables fauteuils et canap\u00e9s, des coussins galets livingstone r\u00e9alis\u00e9s par la&nbsp;<\/span><span style=\"color: var( --e-global-color-text ); font-size: 11pt; text-align: justify;\">designeur ni\u00e7oise, St\u00e9phanie Marin, les tables galet de l&rsquo;artiste Bernard Reyboz, du bois blond et des touches d\u2019azur comme&nbsp;<\/span><span style=\"color: var( --e-global-color-text ); font-size: 11pt; text-align: justify;\">un rappel de la mer et du ciel.<\/span><\/p>\n<p><span style=\"color: var( --e-global-color-text ); font-size: 11pt; text-align: justify;\">Les persiennes typiques de la r\u00e9gion apportent elles aussi ce charme d\u00e9licieusement ni\u00e7ois.&nbsp;<\/span><span style=\"color: var( --e-global-color-text ); font-size: 11pt; text-align: justify;\">Les murs accueillent des peintures d&rsquo;artistes \u00e9voquant l&rsquo;histoire de l&rsquo;<a title=\"Notre hotel luxe \u00e0 Nice\" href=\"https:\/\/www.hotelnicebeaurivage.com\/\" target=\"_blank\" rel=\"noopener\">h\u00f4tel<\/a>.<\/span><\/p>\n<p><span style=\"color: var( --e-global-color-text ); font-size: 11pt; text-align: justify;\">Une invitation au voyage \u00e0 Nice.<\/span><\/p>\n<p style=\"text-align: justify;\">\n<\/p><\/div>\n<\/div>\n<\/div>\t\t\t\t\t\t\t\t<\/div>\n\t\t\t\t<\/div>\n\t\t\t\t\t<\/div>\n\t\t<\/div>\n\t\t\t\t\t<\/div>\n\t\t<\/section>\n\t\t\t\t\t<\/div>\n\t\t<\/div>\n\t\t\t\t\t<\/div>\n\t\t<\/section>\n\t\t\t\t<\/div>\n\t\t","protected":false},"excerpt":{"rendered":"<p>Notre Histoire Situ\u00e9 en bordure de la Promenade des Anglais, tout pr\u00e8s du Vieux Nice, l\u2019h\u00f4tel Beau-Rivage ouvre ses portes \u00e0 la fin du XIX\u00b0 si\u00e8cle. \u00a0C&rsquo;est sous l&rsquo;impulsion de Victoire Schmitz que le Beau Rivage est lanc\u00e9 en 1860.\u00a0\u00a0 D\u00e9j\u00e0 propri\u00e9taire dans la capitale Azur\u00e9enne, le veuve Schmitz comme on l&rsquo;appelait, d\u00e9cida d&rsquo;\u00e9tendre son [&hellip;]<\/p>\n","protected":false},"author":3,"featured_media":0,"parent":0,"menu_order":5,"comment_status":"closed","ping_status":"closed","template":"","meta":{"inline_featured_image":false,"footnotes":""},"class_list":["post-7469","page","type-page","status-publish","hentry"],"_links":{"self":[{"href":"https:\/\/www.hotelnicebeaurivage.com\/en\/wp-json\/wp\/v2\/pages\/7469","targetHints":{"allow":["GET"]}}],"collection":[{"href":"https:\/\/www.hotelnicebeaurivage.com\/en\/wp-json\/wp\/v2\/pages"}],"about":[{"href":"https:\/\/www.hotelnicebeaurivage.com\/en\/wp-json\/wp\/v2\/types\/page"}],"author":[{"embeddable":true,"href":"https:\/\/www.hotelnicebeaurivage.com\/en\/wp-json\/wp\/v2\/users\/3"}],"replies":[{"embeddable":true,"href":"https:\/\/www.hotelnicebeaurivage.com\/en\/wp-json\/wp\/v2\/comments?post=7469"}],"version-history":[{"count":18,"href":"https:\/\/www.hotelnicebeaurivage.com\/en\/wp-json\/wp\/v2\/pages\/7469\/revisions"}],"predecessor-version":[{"id":9956,"href":"https:\/\/www.hotelnicebeaurivage.com\/en\/wp-json\/wp\/v2\/pages\/7469\/revisions\/9956"}],"wp:attachment":[{"href":"https:\/\/www.hotelnicebeaurivage.com\/en\/wp-json\/wp\/v2\/media?parent=7469"}],"curies":[{"name":"wp","href":"https:\/\/api.w.org\/{rel}","templated":true}]}}